{"id":25277,"date":"2026-04-08T10:52:12","date_gmt":"2026-04-08T10:52:12","guid":{"rendered":"https:\/\/kubbagroup.com.tr\/?page_id=25277"},"modified":"2026-04-08T11:03:07","modified_gmt":"2026-04-08T11:03:07","slug":"ceonun-mesaji","status":"publish","type":"page","link":"https:\/\/kubbagroup.com.tr\/en\/kurumsal\/ceonun-mesaji\/","title":{"rendered":"CEO&#039;s Message"},"content":{"rendered":"<div data-elementor-type=\"wp-page\" data-elementor-id=\"25277\" class=\"elementor elementor-25277\">\n\t\t\t\t        <section class=\"elementor-section elementor-top-section elementor-element elementor-element-04e2bd1 elementor-section-stretched elementor-section-boxed elementor-section-height-default elementor-section-height-default pxl-row-scroll-none pxl-zoom-point-false pxl-section-overflow-visible pxl-section-fix-none pxl-bg-color-none pxl-section-overlay-none\" data-id=\"04e2bd1\" data-element_type=\"section\" data-e-type=\"section\" data-settings=\"{&quot;stretch_section&quot;:&quot;section-stretched&quot;}\">\n\n                \n                <div class=\"elementor-container elementor-column-gap-extended\">\n                <div class=\"elementor-column elementor-col-50 elementor-top-column elementor-element elementor-element-f3e9e95 pxl-column-none pxl-column-overflow-hidden-no\" data-id=\"f3e9e95\" data-element_type=\"column\" data-e-type=\"column\">\r\n        <div class=\"elementor-widget-wrap elementor-element-populated\">\r\n                     \r\n        \t\t<div class=\"elementor-element elementor-element-7c77f8d elementor-widget elementor-widget-pxl_heading\" data-id=\"7c77f8d\" data-element_type=\"widget\" data-e-type=\"widget\" data-widget_type=\"pxl_heading.default\">\n\t\t\t\t<div class=\"elementor-widget-container\">\n\t\t\t\t\t\n<div id=\"pxl-pxl_heading-7c77f8d-2682\" class=\"pxl-heading\" >\n\t<div class=\"pxl-heading--container\" >\n\t\t<div class=\"pxl-heading--inner\">\n\t\t\t\t\t\t\t\t\t<h2 class=\"pxl-item--title pxl-heading-style-1  wow fadeInUp\" data-wow-delay=\"ms\">\n\t\t\t\tCEO&#039;s Message\t\t\t\t\t\n\t\t\t\t\t\t\t<\/h2>\n\t\t<\/div>\n\t\t\n\t<\/div>\n<\/div>\n\t\t\t\t<\/div>\n\t\t\t\t<\/div>\n\t\t\t\t<div class=\"elementor-element elementor-element-2cd014a elementor-widget elementor-widget-image\" data-id=\"2cd014a\" data-element_type=\"widget\" data-e-type=\"widget\" data-widget_type=\"image.default\">\n\t\t\t\t<div class=\"elementor-widget-container\">\n\t\t\t\t\t\t\t\t\t\t\t\t\t\t\t<img fetchpriority=\"high\" decoding=\"async\" width=\"350\" height=\"275\" src=\"https:\/\/kubbagroup.com.tr\/wp-content\/uploads\/2025\/12\/Varlik-2.png\" class=\"attachment-large size-large wp-image-25360\" alt=\"\" srcset=\"https:\/\/kubbagroup.com.tr\/wp-content\/uploads\/2025\/12\/Varlik-2.png 350w, https:\/\/kubbagroup.com.tr\/wp-content\/uploads\/2025\/12\/Varlik-2-300x236.png 300w\" sizes=\"(max-width: 350px) 100vw, 350px\" \/>\t\t\t\t\t\t\t\t\t\t\t\t\t\t\t<\/div>\n\t\t\t\t<\/div>\n\t\t            <\/div>\r\n        <\/div>\r\n                <div class=\"elementor-column elementor-col-50 elementor-top-column elementor-element elementor-element-1bf6d65 pxl-column-none pxl-column-overflow-hidden-no\" data-id=\"1bf6d65\" data-element_type=\"column\" data-e-type=\"column\">\r\n        <div class=\"elementor-widget-wrap elementor-element-populated\">\r\n                     \r\n        \t\t<div class=\"elementor-element elementor-element-204d099 elementor-widget elementor-widget-text-editor\" data-id=\"204d099\" data-element_type=\"widget\" data-e-type=\"widget\" data-widget_type=\"text-editor.default\">\n\t\t\t\t<div class=\"elementor-widget-container\">\n\t\t\t\t\t\t\t\t\t<p><span style=\"font-weight: 400;\">We began our journey in the healthcare sector in 1996 with the belief in building a strong and sustainable structure that directly impacts human lives. Today, we see Kubba Group not just as a collection of institutions providing healthcare services; <\/span><b>We position ourselves as an integrated ecosystem bringing together the fields of preventive health, advanced treatment, biotechnology, digital health, wellness, and longevity. <\/b><span style=\"font-weight: 400;\">This approach is also clearly reflected in our group&#039;s corporate vision. Kubba Group views health not merely as a service provided during illness, but as a holistic value that needs to be managed throughout life.\u00a0<\/span><\/p><p>\u00a0<\/p><p><b>For nearly 30 years, our primary priority has been to grow quality, trust, and institutionalization together in healthcare services.<\/b><span style=\"font-weight: 400;\"> Within the structure we have built with this understanding, the Medical Point Hospitals Group forms the scientific backbone of our group with its strong clinical infrastructure and high patient volume; while our investments in biotechnology, genomic analysis, functional health products, digital solutions, and health tourism have become the strategic pillars that carry this structure into the future.<\/span><b> Kubba Group&#039;s &quot;360\u00b0 health ecosystem&quot; approach is precisely the result of this holistic perspective.\u00a0<\/b><\/p><p>\u00a0<\/p><p><span style=\"font-weight: 400;\">Today, we believe that the future of the healthcare sector is not limited solely to treatment. <\/span><b>A preventive, proactive, and lifelong sustainable approach to health will be the defining theme of the coming period.<\/b><span style=\"font-weight: 400;\">. We aim to be one of the founders of this transformation, not just an observer. We combine clinical excellence with biotechnological innovation, and a scientific approach with next-generation healthcare solutions that improve quality of life. <\/span><b>Because the healthcare model of the future will be a data-driven, personalized, and globally integrated model that extends beyond the walls of hospitals.<\/b><span style=\"font-weight: 400;\"> Kubba Group&#039;s vision and mission statements also reflect this orientation.<\/span><b>; &quot;Preventive, proactive and lifelong&quot;\u201c <\/b><span style=\"font-weight: 400;\">It defines itself through its understanding of health and its goal of establishing an integrated health and longevity ecosystem on a global scale.\u00a0<\/span><\/p><p>\u00a0<\/p><p><span style=\"font-weight: 400;\">The most important force that carries us on this journey is our values. <\/span><b>Love, respect, patience, sustainability, confidentiality, sincerity, and loyalty; <\/b><span style=\"font-weight: 400;\">For us, it&#039;s not the concepts written on the wall that matter, but the foundation of our decision-making process. In a field as demanding as healthcare, lasting success is only possible with trust, discipline, and a long-term perspective. I have always based my leadership approach on financial discipline, sustainable growth, and creating lasting value. <\/span><b>Because strong institutions are not built by chance; they are built with principle, stability, and responsibility. <\/b><span style=\"font-weight: 400;\">Kubba Group&#039;s corporate values clearly demonstrate this people- and trust-centered approach.\u00a0<\/span><\/p><p>\u00a0<\/p><p><span style=\"font-weight: 400;\">Our goal in the coming period is to position Kubba Group more strongly not only in T\u00fcrkiye but also on an international scale. We continue to grow this vision, which originated in Izmir, through our structures in America, our international collaborations, and our investments in next-generation healthcare technologies.<\/span><b> Our goal is to build the healthcare platform of the future, today, by integrating science, technology, and a human-centered service approach. <\/b><span style=\"font-weight: 400;\">Kubba Group&#039;s corporate website also features a clear global orientation, highlighting its Izmir-based management, US subsidiaries, and strategic collaborations across the Europe-Middle East-US axis.\u00a0<\/span><\/p><p>\u00a0<\/p><p><span style=\"font-weight: 400;\">I would like to thank all of our patients, business partners, colleagues, and stakeholders who have placed their trust in us. My belief is this: <\/span><b>True success in healthcare is not just about growth; it&#039;s about giving more people confidence, improving the quality of life for more people, and leaving strong institutions for future generations.<\/b><\/p><p>\u00a0<\/p><p><b>Veysi Kubba<\/b><b><br \/><\/b><span style=\"font-weight: 400;\">Chairman and CEO of Kubba Group<\/span><\/p>\t\t\t\t\t\t\t\t<\/div>\n\t\t\t\t<\/div>\n\t\t            <\/div>\r\n        <\/div>\r\n        \t\t\t<\/div>\n\t\t<\/section>\n\t\t        <section class=\"elementor-section elementor-top-section elementor-element elementor-element-ca21edc elementor-section-stretched elementor-section-boxed elementor-section-height-default elementor-section-height-default pxl-row-scroll-none pxl-zoom-point-false pxl-section-overflow-visible pxl-section-fix-none pxl-bg-color-none pxl-section-overlay-none\" data-id=\"ca21edc\" data-element_type=\"section\" data-e-type=\"section\" data-settings=\"{&quot;stretch_section&quot;:&quot;section-stretched&quot;}\">\n\n                \n                <div class=\"elementor-container elementor-column-gap-extended\">\n                <div class=\"elementor-column elementor-col-100 elementor-top-column elementor-element elementor-element-d80e7b9 pxl-column-none pxl-column-overflow-hidden-no\" data-id=\"d80e7b9\" data-element_type=\"column\" data-e-type=\"column\">\r\n        <div class=\"elementor-widget-wrap elementor-element-populated\">\r\n                     \r\n        \t\t<div class=\"elementor-element elementor-element-2dba87c elementor-widget elementor-widget-pxl_heading\" data-id=\"2dba87c\" data-element_type=\"widget\" data-e-type=\"widget\" data-widget_type=\"pxl_heading.default\">\n\t\t\t\t<div class=\"elementor-widget-container\">\n\t\t\t\t\t\n<div id=\"pxl-pxl_heading-2dba87c-5437\" class=\"pxl-heading\" >\n\t<div class=\"pxl-heading--container\" >\n\t\t<div class=\"pxl-heading--inner\">\n\t\t\t\t\t\t\t\t\t<h2 class=\"pxl-item--title pxl-heading-style-6  wow fadeInUp\" data-wow-delay=\"ms\">\n\t\t\t\tVEYS\u0130 KUBBA\t\t\t\t\t\n\t\t\t\t\t\t\t<\/h2>\n\t\t<\/div>\n\t\t\n\t<\/div>\n<\/div>\n\t\t\t\t<\/div>\n\t\t\t\t<\/div>\n\t\t\t\t<div class=\"elementor-element elementor-element-1c3a56e elementor-widget elementor-widget-text-editor\" data-id=\"1c3a56e\" data-element_type=\"widget\" data-e-type=\"widget\" data-widget_type=\"text-editor.default\">\n\t\t\t\t<div class=\"elementor-widget-container\">\n\t\t\t\t\t\t\t\t\t<p><span style=\"font-weight: 400;\">Veysi Kubba, born in 1967, is a graduate of Anadolu University Faculty of Economics. He obtained the title of Certified Public Accountant in 1995 and completed his master&#039;s degrees in Auditing at Sakarya University in 2014 and in Health Law at Dokuz Eyl\u00fcl University in 2016.<\/span><\/p><p>\u00a0<\/p><p><span style=\"font-weight: 400;\">Founded in 1996, Sentez Health Services Inc. has made significant contributions to the development of the private healthcare sector by providing healthcare services in various regions of T\u00fcrkiye, particularly in Eastern and Southeastern Anatolia. The company he established quickly became one of the fastest-growing healthcare companies in T\u00fcrkiye.<\/span><\/p><p>\u00a0<\/p><p><span style=\"font-weight: 400;\">With its approach focused on sustainable growth, quality, and institutionalization in the healthcare sector, the company transformed its hospital investment in Izmir into a university hospital in 2013; and obtained internationally recognized JCI and TEMOS quality accreditations for its institution.<\/span><\/p><p>\u00a0<\/p><p><span style=\"font-weight: 400;\">Today, Veysi Kubba serves as the Chairman and CEO of MedicalPoint Hospitals Group and Kubba Group, which he founded.<\/span><\/p><p><span style=\"font-weight: 400;\">MedicalPoint Health Group operates as an integrated healthcare platform offering tertiary healthcare services through organ transplantation, bone marrow transplantation, clinical research, advanced medical infrastructure, and university collaborations.<\/span><\/p><p>\u00a0<\/p><p><span style=\"font-weight: 400;\">Kubba Group invests in healthcare services, clinical research, health tourism, biotechnology, digital health, artificial intelligence, and preventive health. The group continues its growth in international patient services and high value-added treatment areas.<\/span><\/p><p>\u00a0<\/p><p><span style=\"font-weight: 400;\">Veysi Kubba&#039;s leadership approach is based on the principles of financial discipline, sustainable EBITDA growth, and generating long-term investor value. In line with this, MedicalPoint Health Group continues its efforts towards expanding into international capital markets, investing in new hospitals, and establishing global collaborations.<\/span><\/p><p>\u00a0<\/p><p><span style=\"font-weight: 400;\">As part of its international vision, plans include establishing a clinical research facility in Boston and forging medical technology collaborations in Silicon Valley. The goal is to transform MedicalPoint from just a hospital group into an integrated healthcare platform positioned on a global scale.<\/span><\/p><p>\u00a0<\/p><p><span style=\"font-weight: 400;\">\u201cAdhering to the principle that &quot;honesty and hard work are my greatest assets,&quot; Kubba believes that trust, discipline, and a long-term vision are the foundations for building sustainable and strong institutions in the healthcare sector.<\/span><\/p><p>\u00a0<\/p><p><span style=\"font-weight: 400;\">Veysi Kubba also plays an active role in professional and social fields;<\/span><\/p><p><span style=\"font-weight: 400;\">Member of the Izmir Chamber of Commerce Assembly<\/span><\/p><ol start=\"31\"><li><span style=\"font-weight: 400;\"> Chairman of the Health Committee<\/span><\/li><\/ol><p><span style=\"font-weight: 400;\">TOBB Delegate<\/span><\/p><p><span style=\"font-weight: 400;\">DE\u0130K and DE\u0130K Health Business Council Member<\/span><\/p><p><span style=\"font-weight: 400;\">He continues to serve as a member of OHSAD.<\/span><\/p><p><span style=\"font-weight: 400;\">He is married and has four children.<\/span><\/p><p><span style=\"font-weight: 400;\">He conducts his work based in Izmir.<\/span><\/p>\t\t\t\t\t\t\t\t<\/div>\n\t\t\t\t<\/div>\n\t\t            <\/div>\r\n        <\/div>\r\n        \t\t\t<\/div>\n\t\t<\/section>\n\t\t\t\t<\/div>","protected":false},"excerpt":{"rendered":"<p>CEO\u2019nun Mesaj\u0131 Sa\u011fl\u0131k alan\u0131ndaki yolculu\u011fumuza 1996 y\u0131l\u0131nda, insan hayat\u0131na do\u011frudan dokunan g\u00fc\u00e7l\u00fc ve s\u00fcrd\u00fcr\u00fclebilir bir yap\u0131 kurma inanc\u0131yla ba\u015flad\u0131k. Bug\u00fcn geldi\u011fimiz noktada, Kubba Group\u2019u yaln\u0131zca sa\u011fl\u0131k hizmeti sunan bir kurumlar toplulu\u011fu olarak de\u011fil; koruyucu sa\u011fl\u0131k, ileri tedavi, biyoteknoloji, dijital sa\u011fl\u0131k, wellness ve longevity alanlar\u0131n\u0131 bir araya getiren entegre bir ekosistem olarak konumluyoruz. Bu yakla\u015f\u0131m, grubumuzun [&hellip;]<\/p>\n","protected":false},"author":1,"featured_media":0,"parent":24,"menu_order":0,"comment_status":"closed","ping_status":"closed","template":"","meta":{"footnotes":""},"class_list":["post-25277","page","type-page","status-publish","hentry"],"_links":{"self":[{"href":"https:\/\/kubbagroup.com.tr\/en\/wp-json\/wp\/v2\/pages\/25277","targetHints":{"allow":["GET"]}}],"collection":[{"href":"https:\/\/kubbagroup.com.tr\/en\/wp-json\/wp\/v2\/pages"}],"about":[{"href":"https:\/\/kubbagroup.com.tr\/en\/wp-json\/wp\/v2\/types\/page"}],"author":[{"embeddable":true,"href":"https:\/\/kubbagroup.com.tr\/en\/wp-json\/wp\/v2\/users\/1"}],"replies":[{"embeddable":true,"href":"https:\/\/kubbagroup.com.tr\/en\/wp-json\/wp\/v2\/comments?post=25277"}],"version-history":[{"count":10,"href":"https:\/\/kubbagroup.com.tr\/en\/wp-json\/wp\/v2\/pages\/25277\/revisions"}],"predecessor-version":[{"id":25561,"href":"https:\/\/kubbagroup.com.tr\/en\/wp-json\/wp\/v2\/pages\/25277\/revisions\/25561"}],"up":[{"embeddable":true,"href":"https:\/\/kubbagroup.com.tr\/en\/wp-json\/wp\/v2\/pages\/24"}],"wp:attachment":[{"href":"https:\/\/kubbagroup.com.tr\/en\/wp-json\/wp\/v2\/media?parent=25277"}],"curies":[{"name":"wp","href":"https:\/\/api.w.org\/{rel}","templated":true}]}}